{"id":30,"date":"2024-01-12T18:49:58","date_gmt":"2024-01-12T15:49:58","guid":{"rendered":"http:\/\/tdi_2_588"},"modified":"2024-02-12T21:30:16","modified_gmt":"2024-02-12T18:30:16","slug":"contact","status":"publish","type":"page","link":"https:\/\/viktoriakapadokya.com\/index.php\/contact\/","title":{"rendered":"\u041a\u043e\u043d\u0442\u0430\u043a\u0442"},"content":{"rendered":"<div id=\"tdi_1\" class=\"tdc-zone\"><div class=\"tdc_zone tdi_2 \"  >\n<style scoped>\n\/* custom css - generated by TagDiv Composer *\/\n\n\/* custom css - generated by TagDiv Composer *\/\n\/* custom css - generated by TagDiv Composer *\/\n.tdi_2{\r\n                    min-height: 0;\r\n                }\n<\/style><div id=\"tdi_3\" class=\"tdc-row\"><div class=\"vc_row tdi_4  wpb_row td-pb-row\" >\n<style scoped>\n\/* custom css - generated by TagDiv Composer *\/\n\n\/* custom css - generated by TagDiv Composer *\/\n\/* custom css - generated by TagDiv Composer *\/\n.tdi_4,\r\n                .tdi_4 .tdc-columns{\r\n                    min-height: 0;\r\n                }\n<\/style><div class=\"vc_column tdi_6  wpb_column vc_column_container tdc-column td-pb-span8\">\n<style scoped>\n\/* custom css - generated by TagDiv Composer *\/\n\n\/* custom css - generated by TagDiv Composer *\/\n\/* custom css - generated by TagDiv Composer *\/\n.tdi_6{\r\n                    vertical-align: baseline;\r\n                }\n<\/style><div class=\"wpb_wrapper\" ><div class=\"vc_row_inner tdi_8  vc_row vc_inner wpb_row td-pb-row\" >\n<style scoped>\n\/* custom css - generated by TagDiv Composer *\/\n\n\/* custom css - generated by TagDiv Composer *\/\n\/* custom css - generated by TagDiv Composer *\/\n.tdi_8{\r\n                    position: relative !important;\r\n                    top: 0;\r\n                    transform: none;\r\n                    -webkit-transform: none;\r\n                }\n<\/style><div class=\"vc_column_inner tdi_10  wpb_column vc_column_container tdc-inner-column td-pb-span6\">\n<style scoped>\n\/* custom css - generated by TagDiv Composer *\/\n\n\/* custom css - generated by TagDiv Composer *\/\n\/* custom css - generated by TagDiv Composer *\/\n.tdi_10{\r\n                    vertical-align: baseline;\r\n                }\n<\/style><div class=\"vc_column-inner\"><div class=\"wpb_wrapper\" ><div class=\"wpb_wrapper wpb_text_column td_block_wrap td_block_wrap vc_column_text tdi_11  tagdiv-type td-pb-border-top td_block_template_1\"  data-td-block-uid=\"tdi_11\" >\n<style>\n\/* custom css - generated by TagDiv Composer *\/\n\n<\/style>\n<style>\n\/* custom css - generated by TagDiv Composer *\/\n\/* custom css - generated by TagDiv Composer *\/\n\n<\/style><div class=\"td-block-title-wrap\"><h4 class=\"block-title\"><span class=\"td-pulldown-size\">\u041a\u043e\u043d\u0442\u0430\u043a\u0442\u043d\u044b\u0435 \u0434\u0430\u043d\u043d\u044b\u0435<\/span><\/h4><\/div><div class=\"td-fix-index\"><p><strong>\u0426\u0435\u043d\u0442\u0440\u0430\u043b\u044c\u043d\u044b\u0439 \u043e\u0444\u0438\u0441 \u0432 \u0410\u043d\u0442\u0430\u043b\u044c\u0435<\/strong><\/p>\n<p>\u00c7a\u011flayan Mah. 2032 SK. Ahmet Necati Uluta\u015f \u0130\u015f Merkezi No: 24 \u0130\u00e7 Kap\u0131 No: 102 Muratpa\u015fa\/ Antalya<\/p>\n<p><strong>\u041e\u0444\u0438\u0441 \u0432 \u041a\u0430\u043f\u043f\u0430\u0434\u043e\u043a\u0438\u0438<\/strong><\/p>\n<p><span class=\"LrzXr\">Esentepe Mah, Tahirbey Sokak No:13, 50400 Ortahisar\/\u00dcrg\u00fcp\/Nev\u015fehir<\/span><\/p>\n<p>+90 534 821 90 93 (\u043e\u0441\u043d\u043e\u0432\u043d\u043e\u0439 \u043d\u043e\u043c\u0435\u0440)<\/p>\n<p>Email: <strong>info@viktoriakapadokya.com<\/strong><\/p>\n<\/div><\/div><\/div><\/div><\/div><div class=\"vc_column_inner tdi_13  wpb_column vc_column_container tdc-inner-column td-pb-span6\">\n<style scoped>\n\/* custom css - generated by TagDiv Composer *\/\n\n\/* custom css - generated by TagDiv Composer *\/\n\/* custom css - generated by TagDiv Composer *\/\n.tdi_13{\r\n                    vertical-align: baseline;\r\n                }\n<\/style><div class=\"vc_column-inner\"><div class=\"wpb_wrapper\" ><div class=\"wpb_wrapper wpb_text_column td_block_wrap td_block_wrap vc_column_text tdi_14  tagdiv-type td-pb-border-top td_block_template_1\"  data-td-block-uid=\"tdi_14\" >\n<style>\n\/* custom css - generated by TagDiv Composer *\/\n\n<\/style>\n<style>\n\/* custom css - generated by TagDiv Composer *\/\n\/* custom css - generated by TagDiv Composer *\/\n\n<\/style><div class=\"td-block-title-wrap\"><h4 class=\"block-title\"><span class=\"td-pulldown-size\">\u041e \u043d\u0430\u0441<\/span><\/h4><\/div><div class=\"td-fix-index\"><p>ALGORITMA TRAVEL \u0422\u0423\u0420\u0418\u0417\u041c ANONIM \u0428\u0418\u0420\u041a\u0415\u0422\u0418&#187; &#8212; \u0410\u0433\u0435\u043d\u0442\u0441\u0442\u0432\u043e \u043f\u0443\u0442\u0435\u0448\u0435\u0441\u0442\u0432\u0438\u0439 A \u0413\u0440\u0443\u043f\u043f\u044b, \u0441 \u0433\u043b\u0430\u0432\u043d\u044b\u043c \u043e\u0444\u0438\u0441\u043e\u043c \u0432 \u0410\u043d\u0442\u0430\u043b\u044c\u0435.<\/p>\n<p>&#171;\u041d\u0430\u0448\u0430 \u0443\u0441\u043b\u0443\u0433\u0430 \u0432\u043a\u043b\u044e\u0447\u0430\u0435\u0442 \u043f\u0440\u043e\u0436\u0438\u0432\u0430\u043d\u0438\u0435 \u0432 \u043f\u043b\u044f\u0436\u043d\u044b\u0445 \u043e\u0442\u0435\u043b\u044f\u0445, \u0442\u0443\u0440\u044b \u043f\u043e \u0410\u043d\u0430\u0442\u043e\u043b\u0438\u0438 \u0438 \u043a\u0443\u043b\u044c\u0442\u0443\u0440\u043d\u044b\u0435 \u0442\u0443\u0440\u044b, \u0440\u0435\u043b\u0438\u0433\u0438\u043e\u0437\u043d\u044b\u0435 \u043f\u0430\u043b\u043e\u043c\u043d\u0438\u0447\u0435\u0441\u0442\u0432\u0430, \u043e\u0440\u0433\u0430\u043d\u0438\u0437\u0430\u0446\u0438\u044e \u0442\u0440\u0435\u043d\u0438\u0440\u043e\u0432\u043e\u0447\u043d\u044b\u0445 \u043b\u0430\u0433\u0435\u0440\u0435\u0439 \u0438 \u0442\u043e\u0432\u0430\u0440\u0438\u0449\u0435\u0441\u043a\u0438\u0445 \u043c\u0430\u0442\u0447\u0435\u0439 \u0434\u043b\u044f \u043f\u0440\u043e\u0444\u0435\u0441\u0441\u0438\u043e\u043d\u0430\u043b\u044c\u043d\u044b\u0445 \u0438 \u043b\u044e\u0431\u0438\u0442\u0435\u043b\u044c\u0441\u043a\u0438\u0445 \u0444\u0443\u0442\u0431\u043e\u043b\u044c\u043d\u044b\u0445 \u043a\u043e\u043c\u0430\u043d\u0434, \u0442\u0440\u0435\u043d\u0438\u0440\u043e\u0432\u043e\u0447\u043d\u044b\u0435 \u043b\u0430\u0433\u0435\u0440\u044f \u0434\u043b\u044f \u0445\u043e\u043a\u043a\u0435\u0439\u043d\u044b\u0445 \u043a\u043e\u043c\u0430\u043d\u0434, \u0430 \u0442\u0430\u043a\u0436\u0435 \u043e\u0440\u0433\u0430\u043d\u0438\u0437\u0430\u0446\u0438\u044e \u043a\u043e\u043d\u0433\u0440\u0435\u0441\u0441\u043e\u0432 \u0438 \u0441\u043e\u0431\u0440\u0430\u043d\u0438\u0439<\/p>\n<\/div><\/div><\/div><\/div><\/div><\/div><div class=\"vc_row_inner tdi_16  vc_row vc_inner wpb_row td-pb-row\" >\n<style scoped>\n\/* custom css - generated by TagDiv Composer *\/\n\n\/* custom css - generated by TagDiv Composer *\/\n\/* custom css - generated by TagDiv Composer *\/\n.tdi_16{\r\n                    position: relative !important;\r\n                    top: 0;\r\n                    transform: none;\r\n                    -webkit-transform: none;\r\n                }\n<\/style><div class=\"vc_column_inner tdi_18  wpb_column vc_column_container tdc-inner-column td-pb-span12\">\n<style scoped>\n\/* custom css - generated by TagDiv Composer *\/\n\n\/* custom css - generated by TagDiv Composer *\/\n\/* custom css - generated by TagDiv Composer *\/\n.tdi_18{\r\n                    vertical-align: baseline;\r\n                }\n<\/style><div class=\"vc_column-inner\"><div class=\"wpb_wrapper\" ><\/div><\/div><\/div><\/div><\/div><\/div><div class=\"vc_column tdi_20  wpb_column vc_column_container tdc-column td-pb-span4\">\n<style scoped>\n\/* custom css - generated by TagDiv Composer *\/\n\n\/* custom css - generated by TagDiv Composer *\/\n\/* custom css - generated by TagDiv Composer *\/\n.tdi_20{\r\n                    vertical-align: baseline;\r\n                }\n<\/style><div class=\"wpb_wrapper\" ><div class=\"td_block_wrap td_block_social_counter tdi_21 td-pb-border-top td_block_template_1\">\n<style>\n\/* custom css - generated by TagDiv Composer *\/\n\n<\/style>\n<style>\n\/* custom css - generated by TagDiv Composer *\/\n\/* custom css - generated by TagDiv Composer *\/\n\n<\/style><div class=\"td-block-title-wrap\"><h4 class=\"block-title\"><span class=\"td-pulldown-size\">Stay Connected<\/span><\/h4><\/div><div class=\"td-social-list\"><div class=\"td_social_type td-pb-margin-side td_social_facebook\"><div class=\"td-social-box\"><div class=\"td-sp td-sp-facebook\"><\/div><span class=\"td_social_info td_social_info_counter\">0<\/span><span class=\"td_social_info td_social_info_name\">\u0424\u0430\u043d\u0430\u0442\u044b<\/span><span class=\"td_social_button\"><a href=\"https:\/\/www.facebook.com\/tagdiv\"  >\u041c\u043d\u0435 \u043d\u0440\u0430\u0432\u0438\u0442\u0441\u044f<\/a><\/span><\/div><\/div><div class=\"td_social_type td-pb-margin-side td_social_twitter\"><div class=\"td-social-box\"><div class=\"td-sp td-sp-twitter\"><\/div><span class=\"td_social_info td_social_info_counter\">0<\/span><span class=\"td_social_info td_social_info_name\">\u0427\u0438\u0442\u0430\u0442\u0435\u043b\u0438<\/span><span class=\"td_social_button\"><a href=\"https:\/\/twitter.com\/tagdivofficial\"  >\u0427\u0438\u0442\u0430\u0442\u044c<\/a><\/span><\/div><\/div><\/div><\/div> <!-- .\/block --><div class=\"td_block_wrap td_block_2 tdi_22 td-pb-border-top td_block_template_1\"  data-td-block-uid=\"tdi_22\" >\n<style>\n\/* custom css - generated by TagDiv Composer *\/\n\/* custom css - generated by TagDiv Composer *\/\n.tdi_22 .td-post-vid-time{\r\n\t\t\t\t\tdisplay: block;\r\n\t\t\t\t}\n<\/style><script>var block_tdi_22 = new tdBlock();\nblock_tdi_22.id = \"tdi_22\";\nblock_tdi_22.atts = '{\"limit\":\"4\",\"sort\":\"random_posts\",\"block_type\":\"td_block_2\",\"separator\":\"\",\"custom_title\":\"\",\"custom_url\":\"\",\"title_tag\":\"\",\"block_template_id\":\"\",\"border_top\":\"\",\"color_preset\":\"\",\"m4_tl\":\"\",\"m4_title_tag\":\"\",\"m4_el\":\"\",\"m6_tl\":\"\",\"m6_title_tag\":\"\",\"post_ids\":\"\",\"category_id\":\"\",\"category_ids\":\"\",\"tag_slug\":\"\",\"autors_id\":\"\",\"installed_post_types\":\"\",\"offset\":\"\",\"open_in_new_window\":\"\",\"show_modified_date\":\"\",\"video_popup\":\"\",\"video_rec\":\"\",\"video_rec_title\":\"\",\"show_vid_t\":\"block\",\"el_class\":\"\",\"td_ajax_filter_type\":\"\",\"td_ajax_filter_ids\":\"\",\"td_filter_default_txt\":\"All\",\"td_ajax_preloading\":\"\",\"f_header_font_header\":\"\",\"f_header_font_title\":\"Block header\",\"f_header_font_settings\":\"\",\"f_header_font_family\":\"\",\"f_header_font_size\":\"\",\"f_header_font_line_height\":\"\",\"f_header_font_style\":\"\",\"f_header_font_weight\":\"\",\"f_header_font_transform\":\"\",\"f_header_font_spacing\":\"\",\"f_header_\":\"\",\"f_ajax_font_title\":\"Ajax categories\",\"f_ajax_font_settings\":\"\",\"f_ajax_font_family\":\"\",\"f_ajax_font_size\":\"\",\"f_ajax_font_line_height\":\"\",\"f_ajax_font_style\":\"\",\"f_ajax_font_weight\":\"\",\"f_ajax_font_transform\":\"\",\"f_ajax_font_spacing\":\"\",\"f_ajax_\":\"\",\"f_more_font_title\":\"Load more button\",\"f_more_font_settings\":\"\",\"f_more_font_family\":\"\",\"f_more_font_size\":\"\",\"f_more_font_line_height\":\"\",\"f_more_font_style\":\"\",\"f_more_font_weight\":\"\",\"f_more_font_transform\":\"\",\"f_more_font_spacing\":\"\",\"f_more_\":\"\",\"m4f_title_font_header\":\"\",\"m4f_title_font_title\":\"Article title\",\"m4f_title_font_settings\":\"\",\"m4f_title_font_family\":\"\",\"m4f_title_font_size\":\"\",\"m4f_title_font_line_height\":\"\",\"m4f_title_font_style\":\"\",\"m4f_title_font_weight\":\"\",\"m4f_title_font_transform\":\"\",\"m4f_title_font_spacing\":\"\",\"m4f_title_\":\"\",\"m4f_cat_font_title\":\"Article category tag\",\"m4f_cat_font_settings\":\"\",\"m4f_cat_font_family\":\"\",\"m4f_cat_font_size\":\"\",\"m4f_cat_font_line_height\":\"\",\"m4f_cat_font_style\":\"\",\"m4f_cat_font_weight\":\"\",\"m4f_cat_font_transform\":\"\",\"m4f_cat_font_spacing\":\"\",\"m4f_cat_\":\"\",\"m4f_meta_font_title\":\"Article meta info\",\"m4f_meta_font_settings\":\"\",\"m4f_meta_font_family\":\"\",\"m4f_meta_font_size\":\"\",\"m4f_meta_font_line_height\":\"\",\"m4f_meta_font_style\":\"\",\"m4f_meta_font_weight\":\"\",\"m4f_meta_font_transform\":\"\",\"m4f_meta_font_spacing\":\"\",\"m4f_meta_\":\"\",\"m4f_ex_font_title\":\"Article excerpt\",\"m4f_ex_font_settings\":\"\",\"m4f_ex_font_family\":\"\",\"m4f_ex_font_size\":\"\",\"m4f_ex_font_line_height\":\"\",\"m4f_ex_font_style\":\"\",\"m4f_ex_font_weight\":\"\",\"m4f_ex_font_transform\":\"\",\"m4f_ex_font_spacing\":\"\",\"m4f_ex_\":\"\",\"m6f_title_font_header\":\"\",\"m6f_title_font_title\":\"Article title\",\"m6f_title_font_settings\":\"\",\"m6f_title_font_family\":\"\",\"m6f_title_font_size\":\"\",\"m6f_title_font_line_height\":\"\",\"m6f_title_font_style\":\"\",\"m6f_title_font_weight\":\"\",\"m6f_title_font_transform\":\"\",\"m6f_title_font_spacing\":\"\",\"m6f_title_\":\"\",\"m6f_cat_font_title\":\"Article category tag\",\"m6f_cat_font_settings\":\"\",\"m6f_cat_font_family\":\"\",\"m6f_cat_font_size\":\"\",\"m6f_cat_font_line_height\":\"\",\"m6f_cat_font_style\":\"\",\"m6f_cat_font_weight\":\"\",\"m6f_cat_font_transform\":\"\",\"m6f_cat_font_spacing\":\"\",\"m6f_cat_\":\"\",\"m6f_meta_font_title\":\"Article meta info\",\"m6f_meta_font_settings\":\"\",\"m6f_meta_font_family\":\"\",\"m6f_meta_font_size\":\"\",\"m6f_meta_font_line_height\":\"\",\"m6f_meta_font_style\":\"\",\"m6f_meta_font_weight\":\"\",\"m6f_meta_font_transform\":\"\",\"m6f_meta_font_spacing\":\"\",\"m6f_meta_\":\"\",\"ajax_pagination\":\"\",\"ajax_pagination_infinite_stop\":\"\",\"css\":\"\",\"tdc_css\":\"\",\"td_column_number\":1,\"header_color\":\"\",\"ajax_pagination_next_prev_swipe\":\"\",\"class\":\"tdi_22\",\"tdc_css_class\":\"tdi_22\",\"tdc_css_class_style\":\"tdi_22_rand_style\"}';\nblock_tdi_22.td_column_number = \"1\";\nblock_tdi_22.block_type = \"td_block_2\";\nblock_tdi_22.post_count = \"4\";\nblock_tdi_22.found_posts = \"25\";\nblock_tdi_22.header_color = \"\";\nblock_tdi_22.ajax_pagination_infinite_stop = \"\";\nblock_tdi_22.max_num_pages = \"7\";\ntdBlocksArray.push(block_tdi_22);\n<\/script><div id=tdi_22 class=\"td_block_inner\">\n\n\t<div class=\"td-block-span12\">\n\r\n        <div class=\"td_module_4 td_module_wrap td-animation-stack td-cpt-post\">\r\n            <div class=\"td-module-image\">\r\n                <div class=\"td-module-thumb\"><a href=\"https:\/\/viktoriakapadokya.com\/index.php\/2024\/01\/25\/cappadocia-underground-city-tour\/\"  rel=\"bookmark\" class=\"td-image-wrap \" title=\"\u0422\u0443\u0440 \u041f\u043e\u0434\u0437\u0435\u043c\u043d\u044b\u0439 \u0433\u043e\u0440\u043e\u0434 \u041a\u0430\u043f\u043f\u0430\u0434\u043e\u043a\u0438\u0438\" ><img loading=\"lazy\" decoding=\"async\" class=\"entry-thumb\" src=\"\" alt=\"\" title=\"\u0422\u0443\u0440 \u041f\u043e\u0434\u0437\u0435\u043c\u043d\u044b\u0439 \u0433\u043e\u0440\u043e\u0434 \u041a\u0430\u043f\u043f\u0430\u0434\u043e\u043a\u0438\u0438\" data-type=\"image_tag\" data-img-url=\"https:\/\/viktoriakapadokya.com\/wp-content\/uploads\/2024\/01\/7CDB8769-B6D4-4277-A556-8E2414F06A90-300x194.jpeg\"  width=\"300\" height=\"194\" \/><\/a><\/div>                                <a href=\"https:\/\/viktoriakapadokya.com\/index.php\/category\/%d0%b3%d0%b5%d0%bd%d0%b5%d0%bb%d1%8c\/\" class=\"td-post-category\">\u0413\u0435\u043d\u0435\u043b\u044c<\/a>            <\/div>\r\n\r\n            <h3 class=\"entry-title td-module-title\"><a href=\"https:\/\/viktoriakapadokya.com\/index.php\/2024\/01\/25\/cappadocia-underground-city-tour\/\"  rel=\"bookmark\" title=\"\u0422\u0443\u0440 \u041f\u043e\u0434\u0437\u0435\u043c\u043d\u044b\u0439 \u0433\u043e\u0440\u043e\u0434 \u041a\u0430\u043f\u043f\u0430\u0434\u043e\u043a\u0438\u0438\">\u0422\u0443\u0440 \u041f\u043e\u0434\u0437\u0435\u043c\u043d\u044b\u0439 \u0433\u043e\u0440\u043e\u0434 \u041a\u0430\u043f\u043f\u0430\u0434\u043e\u043a\u0438\u0438<\/a><\/h3>\r\n            <div class=\"meta-info\">\r\n                                <span class=\"td-post-author-name\"><a href=\"https:\/\/viktoriakapadokya.com\/index.php\/author\/admin\/\">Viktoria<\/a> <span>-<\/span> <\/span>                <span class=\"td-post-date\"><time class=\"entry-date updated td-module-date\" datetime=\"2024-01-25T22:28:07+03:00\" >25 \u044f\u043d\u0432\u0430\u0440\u044f 2024<\/time><\/span>                <span class=\"td-module-comments\"><a href=\"https:\/\/viktoriakapadokya.com\/index.php\/2024\/01\/25\/cappadocia-underground-city-tour\/#comments\">1<\/a><\/span>            <\/div>\r\n\r\n            <div class=\"td-excerpt\">\r\n                \n\u0422\u0443\u0440 \u041f\u043e\u0434\u0437\u0435\u043c\u043d\u044b\u0439 \u0433\u043e\u0440\u043e\u0434 \u041a\u0430\u043f\u043f\u0430\u0434\u043e\u043a\u0438\u0438\u00a0(\u0421\u0435\u0432\u0435\u0440\u043d\u0430\u044f, \u042e\u0436\u043d\u0430\u044f \u041a\u0430\u043f\u043f\u0430\u0434\u043e\u043a\u0438\u044f)\u00a075\u20ac \u0447\u0435\u043b\u043e\u0432\u0435\u043a.\n\n\n\n\u0418\u043d\u0434\u0438\u0432\u0438\u0434\u0443\u0430\u043b\u044c\u043d\u044b\u0439 \u0442\u0443\u0440 \u043d\u0430 \u043f\u043e\u043b\u0434\u043d\u044f, \u0442\u0443\u0440 \u043f\u0440\u043e\u0445\u043e\u0434\u0438\u0442 \u043d\u0430&nbsp;VIP&nbsp;\u043c\u0430\u0448\u0438\u043d\u0435&nbsp;MERCEDES VITO&nbsp;\n\n\n\n\u0420\u0443\u0441\u0441\u043a\u043e\u0433\u043e\u0432\u043e\u0440\u044f\u0449\u0438\u0439 \u0433\u0438\u0434, \u043d\u0430\u0447\u0430\u043b\u043e \u0442\u0443\u0440\u0430 \u0432 13:00, \u0432\u0445\u043e\u0434\u043d\u043e\u0439 \u0431\u0438\u043b\u0435\u0442 \u0432 \u043c\u0443\u0437\u0435\u0439 \u043e\u043f\u043b\u0430\u0447\u0438\u0432\u0430\u0435\u0442\u0441\u044f...            <\/div>\r\n\r\n            \r\n        <\/div>\r\n\r\n        \n\t<\/div> <!-- .\/td-block-span12 -->\n\n\t<div class=\"td-block-span12\">\n\r\n        <div class=\"td_module_6 td_module_wrap td-animation-stack td-cpt-post\">\r\n            \r\n            <div class=\"td-module-thumb\"><a href=\"https:\/\/viktoriakapadokya.com\/index.php\/2024\/01\/15\/cappadocia\/\"  rel=\"bookmark\" class=\"td-image-wrap \" title=\"4 \u0434\u043d\u044f \u0441\u043e \u043c\u043d\u043e\u0439 \u0432 \u041a\u0430\u043f\u043f\u0430\u0434\u043e\u043a\u0438\u0438\" ><img loading=\"lazy\" decoding=\"async\" class=\"entry-thumb\" src=\"\" alt=\"\" title=\"4 \u0434\u043d\u044f \u0441\u043e \u043c\u043d\u043e\u0439 \u0432 \u041a\u0430\u043f\u043f\u0430\u0434\u043e\u043a\u0438\u0438\" data-type=\"image_tag\" data-img-url=\"https:\/\/viktoriakapadokya.com\/wp-content\/uploads\/2024\/01\/viktoriakapadokya-100x75.jpg\"  width=\"100\" height=\"75\" \/><\/a><\/div>\r\n        <div class=\"item-details\">\r\n\r\n            <h3 class=\"entry-title td-module-title\"><a href=\"https:\/\/viktoriakapadokya.com\/index.php\/2024\/01\/15\/cappadocia\/\"  rel=\"bookmark\" title=\"4 \u0434\u043d\u044f \u0441\u043e \u043c\u043d\u043e\u0439 \u0432 \u041a\u0430\u043f\u043f\u0430\u0434\u043e\u043a\u0438\u0438\">4 \u0434\u043d\u044f \u0441\u043e \u043c\u043d\u043e\u0439 \u0432 \u041a\u0430\u043f\u043f\u0430\u0434\u043e\u043a\u0438\u0438<\/a><\/h3>            <div class=\"meta-info\">\r\n                <a href=\"https:\/\/viktoriakapadokya.com\/index.php\/category\/%d0%b3%d0%b5%d0%bd%d0%b5%d0%bb%d1%8c\/\" class=\"td-post-category\">\u0413\u0435\u043d\u0435\u043b\u044c<\/a>                                                <span class=\"td-post-date\"><time class=\"entry-date updated td-module-date\" datetime=\"2024-01-15T19:49:23+03:00\" >15 \u044f\u043d\u0432\u0430\u0440\u044f 2024<\/time><\/span>                            <\/div>\r\n        <\/div>\r\n\r\n        <\/div>\r\n\r\n        \n\t<\/div> <!-- .\/td-block-span12 -->\n\n\t<div class=\"td-block-span12\">\n\r\n        <div class=\"td_module_6 td_module_wrap td-animation-stack td-cpt-post\">\r\n            \r\n            <div class=\"td-module-thumb\"><a href=\"https:\/\/viktoriakapadokya.com\/index.php\/2024\/01\/15\/individual-transfer-mercedes-vito\/\"  rel=\"bookmark\" class=\"td-image-wrap \" title=\"\u0418\u043d\u0434\u0438\u0432\u0438\u0434\u0443\u0430\u043b\u044c\u043d\u044b\u0439 \u0442\u0440\u0430\u043d\u0441\u0444\u0435\u0440 Mercedes VITO\" ><img loading=\"lazy\" decoding=\"async\" class=\"entry-thumb\" src=\"\" alt=\"\" title=\"\u0418\u043d\u0434\u0438\u0432\u0438\u0434\u0443\u0430\u043b\u044c\u043d\u044b\u0439 \u0442\u0440\u0430\u043d\u0441\u0444\u0435\u0440 Mercedes VITO\" data-type=\"image_tag\" data-img-url=\"https:\/\/viktoriakapadokya.com\/wp-content\/uploads\/2024\/01\/652244dd-9970-4054-8493-501b0376a9fe-scaled-e1706305314976-100x75.jpeg\"  width=\"100\" height=\"75\" \/><\/a><\/div>\r\n        <div class=\"item-details\">\r\n\r\n            <h3 class=\"entry-title td-module-title\"><a href=\"https:\/\/viktoriakapadokya.com\/index.php\/2024\/01\/15\/individual-transfer-mercedes-vito\/\"  rel=\"bookmark\" title=\"\u0418\u043d\u0434\u0438\u0432\u0438\u0434\u0443\u0430\u043b\u044c\u043d\u044b\u0439 \u0442\u0440\u0430\u043d\u0441\u0444\u0435\u0440 Mercedes VITO\">\u0418\u043d\u0434\u0438\u0432\u0438\u0434\u0443\u0430\u043b\u044c\u043d\u044b\u0439 \u0442\u0440\u0430\u043d\u0441\u0444\u0435\u0440 Mercedes VITO<\/a><\/h3>            <div class=\"meta-info\">\r\n                <a href=\"https:\/\/viktoriakapadokya.com\/index.php\/category\/%d0%b3%d0%b5%d0%bd%d0%b5%d0%bb%d1%8c\/\" class=\"td-post-category\">\u0413\u0435\u043d\u0435\u043b\u044c<\/a>                                                <span class=\"td-post-date\"><time class=\"entry-date updated td-module-date\" datetime=\"2024-01-15T17:08:42+03:00\" >15 \u044f\u043d\u0432\u0430\u0440\u044f 2024<\/time><\/span>                            <\/div>\r\n        <\/div>\r\n\r\n        <\/div>\r\n\r\n        \n\t<\/div> <!-- .\/td-block-span12 -->\n\n\t<div class=\"td-block-span12\">\n\r\n        <div class=\"td_module_6 td_module_wrap td-animation-stack td-cpt-post\">\r\n            \r\n            <div class=\"td-module-thumb\"><a href=\"https:\/\/viktoriakapadokya.com\/index.php\/2024\/01\/15\/organization-romanticcongratulations\/\"  rel=\"bookmark\" class=\"td-image-wrap \" title=\"\u041e\u0440\u0433\u0430\u043d\u0438\u0437\u0430\u0446\u0438\u044f \u0440\u043e\u043c\u0430\u043d\u0442\u0438\u0447\u0435\u0441\u043a\u043e\u0433\u043e,\u043f\u043e\u0437\u0434\u0440\u0430\u0432\u0438\u0442\u0435\u043b\u044c\u043d\u043e\u0433\u043e \u0443\u0436\u0438\u043d\u0430\" ><img loading=\"lazy\" decoding=\"async\" class=\"entry-thumb\" src=\"\" alt=\"\" title=\"\u041e\u0440\u0433\u0430\u043d\u0438\u0437\u0430\u0446\u0438\u044f \u0440\u043e\u043c\u0430\u043d\u0442\u0438\u0447\u0435\u0441\u043a\u043e\u0433\u043e,\u043f\u043e\u0437\u0434\u0440\u0430\u0432\u0438\u0442\u0435\u043b\u044c\u043d\u043e\u0433\u043e \u0443\u0436\u0438\u043d\u0430\" data-type=\"image_tag\" data-img-url=\"https:\/\/viktoriakapadokya.com\/wp-content\/uploads\/2024\/01\/28bd6c1eea8e80ebecac979bd523747c-100x75.jpeg\"  width=\"100\" height=\"75\" \/><\/a><\/div>\r\n        <div class=\"item-details\">\r\n\r\n            <h3 class=\"entry-title td-module-title\"><a href=\"https:\/\/viktoriakapadokya.com\/index.php\/2024\/01\/15\/organization-romanticcongratulations\/\"  rel=\"bookmark\" title=\"\u041e\u0440\u0433\u0430\u043d\u0438\u0437\u0430\u0446\u0438\u044f \u0440\u043e\u043c\u0430\u043d\u0442\u0438\u0447\u0435\u0441\u043a\u043e\u0433\u043e,\u043f\u043e\u0437\u0434\u0440\u0430\u0432\u0438\u0442\u0435\u043b\u044c\u043d\u043e\u0433\u043e \u0443\u0436\u0438\u043d\u0430\">\u041e\u0440\u0433\u0430\u043d\u0438\u0437\u0430\u0446\u0438\u044f \u0440\u043e\u043c\u0430\u043d\u0442\u0438\u0447\u0435\u0441\u043a\u043e\u0433\u043e,\u043f\u043e\u0437\u0434\u0440\u0430\u0432\u0438\u0442\u0435\u043b\u044c\u043d\u043e\u0433\u043e \u0443\u0436\u0438\u043d\u0430<\/a><\/h3>            <div class=\"meta-info\">\r\n                <a href=\"https:\/\/viktoriakapadokya.com\/index.php\/category\/%d0%b3%d0%b5%d0%bd%d0%b5%d0%bb%d1%8c\/\" class=\"td-post-category\">\u0413\u0435\u043d\u0435\u043b\u044c<\/a>                                                <span class=\"td-post-date\"><time class=\"entry-date updated td-module-date\" datetime=\"2024-01-15T19:08:11+03:00\" >15 \u044f\u043d\u0432\u0430\u0440\u044f 2024<\/time><\/span>                            <\/div>\r\n        <\/div>\r\n\r\n        <\/div>\r\n\r\n        \n\t<\/div> <!-- .\/td-block-span12 --><\/div><\/div> <!-- .\/block --><\/div><\/div><\/div><\/div><\/div><\/div>","protected":false},"excerpt":{"rendered":"","protected":false},"author":1,"featured_media":0,"parent":0,"menu_order":0,"comment_status":"open","ping_status":"closed","template":"page-pagebuilder-title.php","meta":{"_joinchat":[],"footnotes":""},"class_list":["post-30","page","type-page","status-publish","hentry"],"_links":{"self":[{"href":"https:\/\/viktoriakapadokya.com\/index.php\/wp-json\/wp\/v2\/pages\/30","targetHints":{"allow":["GET"]}}],"collection":[{"href":"https:\/\/viktoriakapadokya.com\/index.php\/wp-json\/wp\/v2\/pages"}],"about":[{"href":"https:\/\/viktoriakapadokya.com\/index.php\/wp-json\/wp\/v2\/types\/page"}],"author":[{"embeddable":true,"href":"https:\/\/viktoriakapadokya.com\/index.php\/wp-json\/wp\/v2\/users\/1"}],"replies":[{"embeddable":true,"href":"https:\/\/viktoriakapadokya.com\/index.php\/wp-json\/wp\/v2\/comments?post=30"}],"version-history":[{"count":5,"href":"https:\/\/viktoriakapadokya.com\/index.php\/wp-json\/wp\/v2\/pages\/30\/revisions"}],"predecessor-version":[{"id":506,"href":"https:\/\/viktoriakapadokya.com\/index.php\/wp-json\/wp\/v2\/pages\/30\/revisions\/506"}],"wp:attachment":[{"href":"https:\/\/viktoriakapadokya.com\/index.php\/wp-json\/wp\/v2\/media?parent=30"}],"curies":[{"name":"wp","href":"https:\/\/api.w.org\/{rel}","templated":true}]}}